{"id":10,"date":"2012-02-03T14:02:39","date_gmt":"2012-02-03T14:02:39","guid":{"rendered":"http:\/\/www.proarte.rs\/srb\/?page_id=2"},"modified":"2015-06-08T09:58:21","modified_gmt":"2015-06-08T09:58:21","slug":"reference","status":"publish","type":"page","link":"https:\/\/proarte.rs\/web\/reference\/","title":{"rendered":"Reference"},"content":{"rendered":"<p>Na\u0161i skoriji klijenti su:<\/p>\n<ul>\n<li>Hemofarm ad<\/li>\n<li>Deltafarm<\/li>\n<li>Richter Gedeon<\/li>\n<li>Bayer<\/li>\n<li>Ivan\u010di\u0107 i sinovi<\/li>\n<li>Grundfos<\/li>\n<li>AB Geosystems<\/li>\n<li>Soko in\u017einjering<\/li>\n<li>Elektroelement<\/li>\n<li>Vinarija Kova\u010devi\u0107<\/li>\n<li>Vinarija Ma\u010dak<\/li>\n<li>Vinarija Jeli\u0107<\/li>\n<li>Minel<\/li>\n<li>BPM<\/li>\n<li>Crvena zvezda<\/li>\n<li>La mer<\/li>\n<li>Elko marine<\/li>\n<li>Econ plus<\/li>\n<li>Energoprojekt<\/li>\n<li>Vekom<\/li>\n<li>Korato<\/li>\n<li>Osa ra\u010dunsrski in\u017einjering<\/li>\n<li>Dunavnet<\/li>\n<li>Positive<\/li>\n<li>Agropanonka<\/li>\n<li>Aleksandar gradnja<\/li>\n<li>Agrol<\/li>\n<li>Procredit<\/li>\n<li>Hypo group<\/li>\n<li>Visoka tehni\u010dka \u0161kola<\/li>\n<li>Megatrend<\/li>\n<li>Veterinarski zavod Subotica<\/li>\n<li>Karin komerc<\/li>\n<li>Glencore<\/li>\n<li>Astra travel<\/li>\n<li>Odeon<\/li>\n<li>Kinetic Lighting<\/li>\n<li>Fortis team<\/li>\n<li>Alpex<\/li>\n<li>Termoin\u017einjering<\/li>\n<li>Amber soft<\/li>\n<li>Biolend<\/li>\n<li>Advokatska kancelarija Todorovi\u0107<\/li>\n<li>Opel Komnenovi\u0107<\/li>\n<li>Impuls Hemija<\/li>\n<li>\u00a0&#8230;<\/li>\n<\/ul>\n","protected":false},"excerpt":{"rendered":"<p>Na\u0161i skoriji klijenti su: Hemofarm ad Deltafarm Richter Gedeon Bayer Ivan\u010di\u0107 i sinovi Grundfos AB Geosystems Soko in\u017einjering Elektroelement Vinarija Kova\u010devi\u0107 Vinarija Ma\u010dak Vinarija Jeli\u0107 Minel BPM Crvena zvezda La mer Elko marine Econ plus Energoprojekt Vekom Korato Osa ra\u010dunsrski in\u017einjering Dunavnet Positive Agropanonka Aleksandar gradnja Agrol Procredit Hypo group Visoka tehni\u010dka \u0161kola Megatrend Veterinarski [&hellip;]<\/p>\n","protected":false},"author":1,"featured_media":0,"parent":0,"menu_order":0,"comment_status":"open","ping_status":"closed","template":"","meta":{"footnotes":""},"class_list":["post-10","page","type-page","status-publish","hentry"],"_links":{"self":[{"href":"https:\/\/proarte.rs\/web\/wp-json\/wp\/v2\/pages\/10","targetHints":{"allow":["GET"]}}],"collection":[{"href":"https:\/\/proarte.rs\/web\/wp-json\/wp\/v2\/pages"}],"about":[{"href":"https:\/\/proarte.rs\/web\/wp-json\/wp\/v2\/types\/page"}],"author":[{"embeddable":true,"href":"https:\/\/proarte.rs\/web\/wp-json\/wp\/v2\/users\/1"}],"replies":[{"embeddable":true,"href":"https:\/\/proarte.rs\/web\/wp-json\/wp\/v2\/comments?post=10"}],"version-history":[{"count":1,"href":"https:\/\/proarte.rs\/web\/wp-json\/wp\/v2\/pages\/10\/revisions"}],"predecessor-version":[{"id":1327,"href":"https:\/\/proarte.rs\/web\/wp-json\/wp\/v2\/pages\/10\/revisions\/1327"}],"wp:attachment":[{"href":"https:\/\/proarte.rs\/web\/wp-json\/wp\/v2\/media?parent=10"}],"curies":[{"name":"wp","href":"https:\/\/api.w.org\/{rel}","templated":true}]}}