{"id":1120,"date":"2014-08-18T06:45:24","date_gmt":"2014-08-18T06:45:24","guid":{"rendered":"http:\/\/www.proarte.rs\/srb\/?page_id=1120"},"modified":"2015-06-08T09:58:13","modified_gmt":"2015-06-08T09:58:13","slug":"dorada","status":"publish","type":"page","link":"https:\/\/proarte.rs\/web\/dorada\/","title":{"rendered":"Dorada"},"content":{"rendered":"<p>Isporu\u010dujemo kompletan proizvod uz grafi\u010dku doradu.<\/p>\n<ol>\n<li>spiralni povez<\/li>\n<li>\u0161tancanje<\/li>\n<li>plastifikacija<\/li>\n<li>cutter za foliju<\/li>\n<li>pakovanje<\/li>\n<\/ol>\n<ul>\n<li>pakerica sa termoskupljaju\u0107om folijom<\/li>\n<li>pakerica za pojedina\u010dno pakovanje<\/li>\n<\/ul>\n<p>&nbsp;<\/p>\n","protected":false},"excerpt":{"rendered":"<p>Isporu\u010dujemo kompletan proizvod uz grafi\u010dku doradu. spiralni povez \u0161tancanje plastifikacija cutter za foliju pakovanje pakerica sa termoskupljaju\u0107om folijom pakerica za pojedina\u010dno pakovanje &nbsp;<\/p>\n","protected":false},"author":1,"featured_media":0,"parent":0,"menu_order":0,"comment_status":"closed","ping_status":"open","template":"","meta":{"footnotes":""},"class_list":["post-1120","page","type-page","status-publish","hentry"],"_links":{"self":[{"href":"https:\/\/proarte.rs\/web\/wp-json\/wp\/v2\/pages\/1120","targetHints":{"allow":["GET"]}}],"collection":[{"href":"https:\/\/proarte.rs\/web\/wp-json\/wp\/v2\/pages"}],"about":[{"href":"https:\/\/proarte.rs\/web\/wp-json\/wp\/v2\/types\/page"}],"author":[{"embeddable":true,"href":"https:\/\/proarte.rs\/web\/wp-json\/wp\/v2\/users\/1"}],"replies":[{"embeddable":true,"href":"https:\/\/proarte.rs\/web\/wp-json\/wp\/v2\/comments?post=1120"}],"version-history":[{"count":1,"href":"https:\/\/proarte.rs\/web\/wp-json\/wp\/v2\/pages\/1120\/revisions"}],"predecessor-version":[{"id":1312,"href":"https:\/\/proarte.rs\/web\/wp-json\/wp\/v2\/pages\/1120\/revisions\/1312"}],"wp:attachment":[{"href":"https:\/\/proarte.rs\/web\/wp-json\/wp\/v2\/media?parent=1120"}],"curies":[{"name":"wp","href":"https:\/\/api.w.org\/{rel}","templated":true}]}}