{"id":735,"date":"2012-02-03T16:12:50","date_gmt":"2012-02-03T16:12:50","guid":{"rendered":"http:\/\/www.proarte.rs\/srb\/?page_id=735"},"modified":"2015-06-08T09:58:13","modified_gmt":"2015-06-08T09:58:13","slug":"kontakt","status":"publish","type":"page","link":"https:\/\/proarte.rs\/web\/kontakt\/","title":{"rendered":"Kontakt"},"content":{"rendered":"<p><iframe loading=\"lazy\" src=\"http:\/\/maps.google.com\/maps?f=q&amp;source=s_q&amp;hl=en&amp;geocode=&amp;q=Stanoja+Glava%C5%A1a,+Novi+Sad,+%D0%92%D0%BE%D1%98%D0%B2%D0%BE%D0%B4%D0%B8%D0%BD%D0%B0&amp;aq=0&amp;oq=stanoja+glava%C5%A1a+novi+&amp;sll=37.0625,-95.677068&amp;sspn=46.092115,75.146484&amp;ie=UTF8&amp;hq=&amp;hnear=Stanoja+Glava%C5%A1a,+Novi+Sad,+South+Backa+district,+Vojvodina,+Serbia&amp;t=m&amp;ll=45.245706,19.812899&amp;spn=0.024172,0.047121&amp;z=14&amp;iwloc=A&amp;output=embed\" width=\"550\" height=\"400\" frameborder=\"0\" marginwidth=\"0\" marginheight=\"0\" scrolling=\"no\"><\/iframe><br \/>\n<small><a style=\"color: #0000ff; text-align: left;\" href=\"http:\/\/maps.google.com\/maps?f=q&amp;source=embed&amp;hl=en&amp;geocode=&amp;q=Stanoja+Glava%C5%A1a,+Novi+Sad,+%D0%92%D0%BE%D1%98%D0%B2%D0%BE%D0%B4%D0%B8%D0%BD%D0%B0&amp;aq=0&amp;oq=stanoja+glava%C5%A1a+novi+&amp;sll=37.0625,-95.677068&amp;sspn=46.092115,75.146484&amp;ie=UTF8&amp;hq=&amp;hnear=Stanoja+Glava%C5%A1a,+Novi+Sad,+South+Backa+district,+Vojvodina,+Serbia&amp;t=m&amp;ll=45.245706,19.812899&amp;spn=0.024172,0.047121&amp;z=14&amp;iwloc=A\">View Larger Map<\/a><\/small><\/p>\n<p><strong>Proarte doo.<\/strong><\/p>\n<p>ul. Stanoja Glava\u0161a 98<\/p>\n<p>21000 Novi Sad<\/p>\n<p>tel: +381 21 506 092<\/p>\n<p><a title=\"Pi\u0161ite nam\" href=\"mailto: office@proarte.rs\" target=\"_blank\">office@proarte.rs<\/a><\/p>\n<p>&nbsp;<\/p>\n<h2>Zahtev za ponudu<\/h2>\n<p>Zahtev za ponudu\u00a0ili vi\u0161e informacija o na\u0161im proizvodima mo\u017eete poslati putem ovog formulara:<\/p>\n<p>&nbsp;<\/p>\n","protected":false},"excerpt":{"rendered":"<p>View Larger Map Proarte doo. ul. Stanoja Glava\u0161a 98 21000 Novi Sad tel: +381 21 506 092 office@proarte.rs &nbsp; Zahtev za ponudu Zahtev za ponudu\u00a0ili vi\u0161e informacija o na\u0161im proizvodima mo\u017eete poslati putem ovog formulara: &nbsp;<\/p>\n","protected":false},"author":1,"featured_media":0,"parent":0,"menu_order":0,"comment_status":"open","ping_status":"open","template":"page-contact.php","meta":{"footnotes":""},"class_list":["post-735","page","type-page","status-publish","hentry"],"_links":{"self":[{"href":"https:\/\/proarte.rs\/web\/wp-json\/wp\/v2\/pages\/735","targetHints":{"allow":["GET"]}}],"collection":[{"href":"https:\/\/proarte.rs\/web\/wp-json\/wp\/v2\/pages"}],"about":[{"href":"https:\/\/proarte.rs\/web\/wp-json\/wp\/v2\/types\/page"}],"author":[{"embeddable":true,"href":"https:\/\/proarte.rs\/web\/wp-json\/wp\/v2\/users\/1"}],"replies":[{"embeddable":true,"href":"https:\/\/proarte.rs\/web\/wp-json\/wp\/v2\/comments?post=735"}],"version-history":[{"count":0,"href":"https:\/\/proarte.rs\/web\/wp-json\/wp\/v2\/pages\/735\/revisions"}],"wp:attachment":[{"href":"https:\/\/proarte.rs\/web\/wp-json\/wp\/v2\/media?parent=735"}],"curies":[{"name":"wp","href":"https:\/\/api.w.org\/{rel}","templated":true}]}}