{"id":751,"date":"2012-02-08T08:17:04","date_gmt":"2012-02-08T08:17:04","guid":{"rendered":"http:\/\/www.proarte.rs\/srb\/?page_id=751"},"modified":"2015-06-08T10:35:33","modified_gmt":"2015-06-08T10:35:33","slug":"mousepad","status":"publish","type":"page","link":"https:\/\/proarte.rs\/web\/mousepad\/","title":{"rendered":"Mousepad"},"content":{"rendered":"<p>U dana\u0161nje vreme napredne tehnlogije kada je ve\u0107i deo poslovanja elektronski, u\u010dini\u0107emo da vreme provedeno za ra\u010dunarom ima i dodatnu funkciju. Dokazano je da je najbolja reklamna poruka ona u koju se dugo gleda. Upravo ta \u010dinjenica \u010dini da je MOUSE PAD idealan poslovni poklon. Mouse pad je poklon koji stoji na stolu Va\u0161eg poslovnog partnera i na taj na\u010din konstantno prezentuje Va\u0161 brend.<\/p>\n<p style=\"text-align: center;\">\u00a0<a href=\"https:\/\/proarte.rs\/web\/wp-content\/uploads\/2015\/06\/mouse_pad_001.png\"><img loading=\"lazy\" decoding=\"async\" class=\"alignnone size-medium wp-image-1433\" src=\"https:\/\/proarte.rs\/web\/wp-content\/uploads\/2015\/06\/mouse_pad_001-300x193.png\" alt=\"mouse_pad_001\" width=\"300\" height=\"193\" srcset=\"https:\/\/proarte.rs\/web\/wp-content\/uploads\/2015\/06\/mouse_pad_001-300x193.png 300w, https:\/\/proarte.rs\/web\/wp-content\/uploads\/2015\/06\/mouse_pad_001.png 751w\" sizes=\"auto, (max-width: 300px) 100vw, 300px\" \/><\/a><\/p>\n<p>Proizvodimo mouse pad-ove po va\u0161em dizajnu, u obliku\u00a0 i dimenziji koju vi \u017eelite.<\/p>\n<p>&nbsp;<\/p>\n","protected":false},"excerpt":{"rendered":"<p>U dana\u0161nje vreme napredne tehnlogije kada je ve\u0107i deo poslovanja elektronski, u\u010dini\u0107emo da vreme provedeno za ra\u010dunarom ima i dodatnu funkciju. Dokazano je da je najbolja reklamna poruka ona u koju se dugo gleda. Upravo ta \u010dinjenica \u010dini da je MOUSE PAD idealan poslovni poklon. Mouse pad je poklon koji stoji na stolu Va\u0161eg poslovnog [&hellip;]<\/p>\n","protected":false},"author":1,"featured_media":1433,"parent":0,"menu_order":0,"comment_status":"closed","ping_status":"open","template":"","meta":{"footnotes":""},"class_list":["post-751","page","type-page","status-publish","has-post-thumbnail","hentry"],"_links":{"self":[{"href":"https:\/\/proarte.rs\/web\/wp-json\/wp\/v2\/pages\/751","targetHints":{"allow":["GET"]}}],"collection":[{"href":"https:\/\/proarte.rs\/web\/wp-json\/wp\/v2\/pages"}],"about":[{"href":"https:\/\/proarte.rs\/web\/wp-json\/wp\/v2\/types\/page"}],"author":[{"embeddable":true,"href":"https:\/\/proarte.rs\/web\/wp-json\/wp\/v2\/users\/1"}],"replies":[{"embeddable":true,"href":"https:\/\/proarte.rs\/web\/wp-json\/wp\/v2\/comments?post=751"}],"version-history":[{"count":2,"href":"https:\/\/proarte.rs\/web\/wp-json\/wp\/v2\/pages\/751\/revisions"}],"predecessor-version":[{"id":1466,"href":"https:\/\/proarte.rs\/web\/wp-json\/wp\/v2\/pages\/751\/revisions\/1466"}],"wp:featuredmedia":[{"embeddable":true,"href":"https:\/\/proarte.rs\/web\/wp-json\/wp\/v2\/media\/1433"}],"wp:attachment":[{"href":"https:\/\/proarte.rs\/web\/wp-json\/wp\/v2\/media?parent=751"}],"curies":[{"name":"wp","href":"https:\/\/api.w.org\/{rel}","templated":true}]}}