{"id":755,"date":"2012-02-08T08:17:38","date_gmt":"2012-02-08T08:17:38","guid":{"rendered":"http:\/\/www.proarte.rs\/srb\/?page_id=755"},"modified":"2015-06-08T10:24:35","modified_gmt":"2015-06-08T10:24:35","slug":"notepad","status":"publish","type":"page","link":"https:\/\/proarte.rs\/web\/notepad\/","title":{"rendered":"Notepad"},"content":{"rendered":"<blockquote><p>NOTE PAD je podloga za kompjuterskog mi\u0161a i blok za bele\u0161ke.<\/p><\/blockquote>\n<p style=\"text-align: left;\">Dvostruka funkcija ovog reklamnog poklona je u\u010dinila da on postane jedan od tra\u017eenijih proizvoda. Po note pad-u mo\u017eete &#8222;voziti&#8220; kompjuterskog mi\u0161a i u isto vreme\u00a0zabele\u017eiti-notirati ne\u0161to \u0161to vam je bitno. Koliko puta Vam se dogodilo da zazvoni telefon a Vi tra\u017eite papir da zapi\u0161ete bitne informacije, ne gubite Va\u0161e vreme i vreme Va\u0161eg sagovornika, sada postoji proizvod koji Vam je uvek pri ruci. Zbog svoje prakti\u010dnosti odli\u010dan je poklon kome \u0107e se obradovati Va\u0161 poslovni partner. Note pad ima adhesivnu strukturu sa\u00a0zadnje strane i zbog toga\u00a0mo\u017ee biti\u00a0pozicioniran na stolu, na \u00a0mestu koje vam najvi\u0161e odgovara.<\/p>\n<p style=\"text-align: center;\"><a href=\"http:\/\/www.proarte.rs\/web\/wp-content\/uploads\/2015\/06\/notepad_001.png\"><img loading=\"lazy\" decoding=\"async\" class=\"aligncenter  wp-image-1150\" src=\"http:\/\/www.proarte.rs\/web\/wp-content\/uploads\/2015\/06\/notepad_001.png\" alt=\"notepad_001\" width=\"550\" height=\"318\" \/><\/a><\/p>\n","protected":false},"excerpt":{"rendered":"<p>NOTE PAD je podloga za kompjuterskog mi\u0161a i blok za bele\u0161ke. Dvostruka funkcija ovog reklamnog poklona je u\u010dinila da on postane jedan od tra\u017eenijih proizvoda. Po note pad-u mo\u017eete &#8222;voziti&#8220; kompjuterskog mi\u0161a i u isto vreme\u00a0zabele\u017eiti-notirati ne\u0161to \u0161to vam je bitno. Koliko puta Vam se dogodilo da zazvoni telefon a Vi tra\u017eite papir da zapi\u0161ete [&hellip;]<\/p>\n","protected":false},"author":1,"featured_media":0,"parent":0,"menu_order":0,"comment_status":"closed","ping_status":"open","template":"","meta":{"footnotes":""},"class_list":["post-755","page","type-page","status-publish","hentry"],"_links":{"self":[{"href":"https:\/\/proarte.rs\/web\/wp-json\/wp\/v2\/pages\/755","targetHints":{"allow":["GET"]}}],"collection":[{"href":"https:\/\/proarte.rs\/web\/wp-json\/wp\/v2\/pages"}],"about":[{"href":"https:\/\/proarte.rs\/web\/wp-json\/wp\/v2\/types\/page"}],"author":[{"embeddable":true,"href":"https:\/\/proarte.rs\/web\/wp-json\/wp\/v2\/users\/1"}],"replies":[{"embeddable":true,"href":"https:\/\/proarte.rs\/web\/wp-json\/wp\/v2\/comments?post=755"}],"version-history":[{"count":2,"href":"https:\/\/proarte.rs\/web\/wp-json\/wp\/v2\/pages\/755\/revisions"}],"predecessor-version":[{"id":1467,"href":"https:\/\/proarte.rs\/web\/wp-json\/wp\/v2\/pages\/755\/revisions\/1467"}],"wp:attachment":[{"href":"https:\/\/proarte.rs\/web\/wp-json\/wp\/v2\/media?parent=755"}],"curies":[{"name":"wp","href":"https:\/\/api.w.org\/{rel}","templated":true}]}}