{"id":758,"date":"2012-02-08T08:17:59","date_gmt":"2012-02-08T08:17:59","guid":{"rendered":"http:\/\/www.proarte.rs\/srb\/?page_id=758"},"modified":"2015-06-08T10:26:48","modified_gmt":"2015-06-08T10:26:48","slug":"podmetaci-za-case","status":"publish","type":"page","link":"https:\/\/proarte.rs\/web\/podmetaci-za-case\/","title":{"rendered":"Podmeta\u010di za \u010da\u0161e"},"content":{"rendered":"<p>Podmeta\u010di za \u010da\u0161e su reklamni proizvod bez kojeg se ne mo\u017ee zamisliti ni jedna kancelarija. Kao doma\u0107inska nacija, neku vrstu poslu\u017eenja uvek nudimo kada nam klijent do\u0111e u poslovni prostor, podmeta\u010di su deo takvog prijatnog ambijenta koji je jako bitan. Ugostite i ostvarite taj poslovni dogovor kojem ste te\u017eili uz na\u0161u pomo\u0107. Poklonite podmeta\u010de za \u010da\u0161e i time unapredite Va\u0161e poslovanje.<\/p>\n<p style=\"text-align: center;\"><a href=\"http:\/\/www.proarte.rs\/web\/wp-content\/uploads\/2015\/06\/P8070011.png\"><img loading=\"lazy\" decoding=\"async\" class=\"aligncenter  wp-image-1141\" alt=\"P8070011\" src=\"http:\/\/www.proarte.rs\/web\/wp-content\/uploads\/2015\/06\/P8070011.png\" width=\"582\" height=\"437\" \/><\/a><\/p>\n<p>Podmeta\u010de za \u010da\u0161e pravimo u obliku kruga ili u obliku kvadrata, sa dve najpopularnije podloge, guma i pluta.<\/p>\n<p>&nbsp;<\/p>\n","protected":false},"excerpt":{"rendered":"<p>Podmeta\u010di za \u010da\u0161e su reklamni proizvod bez kojeg se ne mo\u017ee zamisliti ni jedna kancelarija. Kao doma\u0107inska nacija, neku vrstu poslu\u017eenja uvek nudimo kada nam klijent do\u0111e u poslovni prostor, podmeta\u010di su deo takvog prijatnog ambijenta koji je jako bitan. Ugostite i ostvarite taj poslovni dogovor kojem ste te\u017eili uz na\u0161u pomo\u0107. Poklonite podmeta\u010de za [&hellip;]<\/p>\n","protected":false},"author":1,"featured_media":0,"parent":0,"menu_order":0,"comment_status":"closed","ping_status":"open","template":"","meta":{"footnotes":""},"class_list":["post-758","page","type-page","status-publish","hentry"],"_links":{"self":[{"href":"https:\/\/proarte.rs\/web\/wp-json\/wp\/v2\/pages\/758","targetHints":{"allow":["GET"]}}],"collection":[{"href":"https:\/\/proarte.rs\/web\/wp-json\/wp\/v2\/pages"}],"about":[{"href":"https:\/\/proarte.rs\/web\/wp-json\/wp\/v2\/types\/page"}],"author":[{"embeddable":true,"href":"https:\/\/proarte.rs\/web\/wp-json\/wp\/v2\/users\/1"}],"replies":[{"embeddable":true,"href":"https:\/\/proarte.rs\/web\/wp-json\/wp\/v2\/comments?post=758"}],"version-history":[{"count":2,"href":"https:\/\/proarte.rs\/web\/wp-json\/wp\/v2\/pages\/758\/revisions"}],"predecessor-version":[{"id":1470,"href":"https:\/\/proarte.rs\/web\/wp-json\/wp\/v2\/pages\/758\/revisions\/1470"}],"wp:attachment":[{"href":"https:\/\/proarte.rs\/web\/wp-json\/wp\/v2\/media?parent=758"}],"curies":[{"name":"wp","href":"https:\/\/api.w.org\/{rel}","templated":true}]}}