{"id":762,"date":"2012-02-08T08:19:00","date_gmt":"2012-02-08T08:19:00","guid":{"rendered":"http:\/\/www.proarte.rs\/srb\/?page_id=762"},"modified":"2015-06-08T10:19:38","modified_gmt":"2015-06-08T10:19:38","slug":"kocka","status":"publish","type":"page","link":"https:\/\/proarte.rs\/web\/kocka\/","title":{"rendered":"Kocka"},"content":{"rendered":"<p>Standardan proizvod iz na\u0161e palete materijala, kocka od papira sa \u0161tampom najnovije tehnologije. Proizvod koji se retko sre\u0107e, a ostavlja izuzetan utisak. Budite jedni od retkih koji \u0107e mo\u0107i da se pohvale ovakvom inovacijom na tr\u017ei\u0161tu.<\/p>\n<p><img loading=\"lazy\" decoding=\"async\" class=\"aligncenter wp-image-1430 size-medium\" src=\"https:\/\/proarte.rs\/web\/wp-content\/uploads\/2015\/06\/kocka_003-295x300.png\" alt=\"Papirna kocka - blok za poruke - notepad\" width=\"295\" height=\"300\" srcset=\"https:\/\/proarte.rs\/web\/wp-content\/uploads\/2015\/06\/kocka_003-295x300.png 295w, https:\/\/proarte.rs\/web\/wp-content\/uploads\/2015\/06\/kocka_003-1008x1024.png 1008w, https:\/\/proarte.rs\/web\/wp-content\/uploads\/2015\/06\/kocka_003.png 1011w\" sizes=\"auto, (max-width: 295px) 100vw, 295px\" \/><\/p>\n<p style=\"text-align: left;\">\n","protected":false},"excerpt":{"rendered":"<p>Standardan proizvod iz na\u0161e palete materijala, kocka od papira sa \u0161tampom najnovije tehnologije. Proizvod koji se retko sre\u0107e, a ostavlja izuzetan utisak. Budite jedni od retkih koji \u0107e mo\u0107i da se pohvale ovakvom inovacijom na tr\u017ei\u0161tu.<\/p>\n","protected":false},"author":1,"featured_media":0,"parent":0,"menu_order":0,"comment_status":"closed","ping_status":"open","template":"","meta":{"footnotes":""},"class_list":["post-762","page","type-page","status-publish","hentry"],"_links":{"self":[{"href":"https:\/\/proarte.rs\/web\/wp-json\/wp\/v2\/pages\/762","targetHints":{"allow":["GET"]}}],"collection":[{"href":"https:\/\/proarte.rs\/web\/wp-json\/wp\/v2\/pages"}],"about":[{"href":"https:\/\/proarte.rs\/web\/wp-json\/wp\/v2\/types\/page"}],"author":[{"embeddable":true,"href":"https:\/\/proarte.rs\/web\/wp-json\/wp\/v2\/users\/1"}],"replies":[{"embeddable":true,"href":"https:\/\/proarte.rs\/web\/wp-json\/wp\/v2\/comments?post=762"}],"version-history":[{"count":3,"href":"https:\/\/proarte.rs\/web\/wp-json\/wp\/v2\/pages\/762\/revisions"}],"predecessor-version":[{"id":1461,"href":"https:\/\/proarte.rs\/web\/wp-json\/wp\/v2\/pages\/762\/revisions\/1461"}],"wp:attachment":[{"href":"https:\/\/proarte.rs\/web\/wp-json\/wp\/v2\/media?parent=762"}],"curies":[{"name":"wp","href":"https:\/\/api.w.org\/{rel}","templated":true}]}}