{"id":947,"date":"2014-08-18T06:45:25","date_gmt":"2014-08-18T06:45:25","guid":{"rendered":"http:\/\/www.proarte.rs\/srb\/?page_id=947"},"modified":"2015-06-08T10:13:08","modified_gmt":"2015-06-08T10:13:08","slug":"stampa","status":"publish","type":"page","link":"https:\/\/proarte.rs\/web\/stampa\/","title":{"rendered":"\u0160tampa"},"content":{"rendered":"<p>&nbsp;<\/p>\n<p>KONIKA MINOLTA BIZHUB<\/p>\n<p><a href=\"https:\/\/proarte.rs\/web\/wp-content\/uploads\/2015\/06\/Konica-Minolta-Bizhub-C654.jpg\"><img loading=\"lazy\" decoding=\"async\" class=\"alignnone size-medium wp-image-1441\" src=\"https:\/\/proarte.rs\/web\/wp-content\/uploads\/2015\/06\/Konica-Minolta-Bizhub-C654-300x257.jpg\" alt=\"Konica-Minolta-Bizhub-C654\" width=\"300\" height=\"257\" srcset=\"https:\/\/proarte.rs\/web\/wp-content\/uploads\/2015\/06\/Konica-Minolta-Bizhub-C654-300x257.jpg 300w, https:\/\/proarte.rs\/web\/wp-content\/uploads\/2015\/06\/Konica-Minolta-Bizhub-C654.jpg 525w\" sizes=\"auto, (max-width: 300px) 100vw, 300px\" \/><\/a><\/p>\n<p>Konika Minolta Bizhub nudi odli\u010dan mix kvaliteta otiska, tehnologije koju koristi i primamljivost cene. Tako da lako pronalazi svoje mesto u na\u0161em tr\u017ei\u0161tu kao jedna od kvalitetnijih ma\u0161ina za digitalnu \u0161tampu.<\/p>\n<p>&nbsp;<\/p>\n<p>ROLAND VERSA CAMM SP-300V<\/p>\n<p><a href=\"https:\/\/proarte.rs\/web\/wp-content\/uploads\/2015\/06\/sp-300i-ink.jpg\"><img loading=\"lazy\" decoding=\"async\" class=\"alignnone size-medium wp-image-1443\" src=\"https:\/\/proarte.rs\/web\/wp-content\/uploads\/2015\/06\/sp-300i-ink-300x176.jpg\" alt=\"sp-300i-ink\" width=\"300\" height=\"176\" srcset=\"https:\/\/proarte.rs\/web\/wp-content\/uploads\/2015\/06\/sp-300i-ink-300x176.jpg 300w, https:\/\/proarte.rs\/web\/wp-content\/uploads\/2015\/06\/sp-300i-ink.jpg 400w\" sizes=\"auto, (max-width: 300px) 100vw, 300px\" \/><\/a><\/p>\n<p>U dana\u0161njoj ekonomiji svi te\u017ee ka najbvi\u0161im vrednostima. A prava vrednost je zasnovana na odli\u010dnom kvalitetu i preformansama. To je ideja koja je vodila dizajnerski tim proizvo\u0111a\u010da ove ma\u0161ine za digitalnom \u0161tampom vrhunskog kvaliteta sa dodatnom opcijom automatskog se\u010denja folije na kojoj se \u0161tampa.<\/p>\n<p>&nbsp;<\/p>\n","protected":false},"excerpt":{"rendered":"<p>&nbsp; KONIKA MINOLTA BIZHUB Konika Minolta Bizhub nudi odli\u010dan mix kvaliteta otiska, tehnologije koju koristi i primamljivost cene. Tako da lako pronalazi svoje mesto u na\u0161em tr\u017ei\u0161tu kao jedna od kvalitetnijih ma\u0161ina za digitalnu \u0161tampu. &nbsp; ROLAND VERSA CAMM SP-300V U dana\u0161njoj ekonomiji svi te\u017ee ka najbvi\u0161im vrednostima. A prava vrednost je zasnovana na odli\u010dnom [&hellip;]<\/p>\n","protected":false},"author":1,"featured_media":0,"parent":0,"menu_order":0,"comment_status":"closed","ping_status":"open","template":"","meta":{"footnotes":""},"class_list":["post-947","page","type-page","status-publish","hentry"],"_links":{"self":[{"href":"https:\/\/proarte.rs\/web\/wp-json\/wp\/v2\/pages\/947","targetHints":{"allow":["GET"]}}],"collection":[{"href":"https:\/\/proarte.rs\/web\/wp-json\/wp\/v2\/pages"}],"about":[{"href":"https:\/\/proarte.rs\/web\/wp-json\/wp\/v2\/types\/page"}],"author":[{"embeddable":true,"href":"https:\/\/proarte.rs\/web\/wp-json\/wp\/v2\/users\/1"}],"replies":[{"embeddable":true,"href":"https:\/\/proarte.rs\/web\/wp-json\/wp\/v2\/comments?post=947"}],"version-history":[{"count":2,"href":"https:\/\/proarte.rs\/web\/wp-json\/wp\/v2\/pages\/947\/revisions"}],"predecessor-version":[{"id":1455,"href":"https:\/\/proarte.rs\/web\/wp-json\/wp\/v2\/pages\/947\/revisions\/1455"}],"wp:attachment":[{"href":"https:\/\/proarte.rs\/web\/wp-json\/wp\/v2\/media?parent=947"}],"curies":[{"name":"wp","href":"https:\/\/api.w.org\/{rel}","templated":true}]}}