{"id":969,"date":"2014-08-18T06:45:25","date_gmt":"2014-08-18T06:45:25","guid":{"rendered":"http:\/\/www.proarte.rs\/srb\/?page_id=969"},"modified":"2015-06-08T10:10:34","modified_gmt":"2015-06-08T10:10:34","slug":"3d-stikeri","status":"publish","type":"page","link":"https:\/\/proarte.rs\/web\/3d-stikeri\/","title":{"rendered":"3D Stikeri"},"content":{"rendered":"<p>3D stikeri su izra\u0111eni od najkvalitenije smole i \u0161tampani su u fotorezoluciji. Otporni su na atmosferske i mehani\u010dke uticaje. Mogu\u0107e je izraditi stiker u bilo kojem obliku i veli\u010dini. Aplikacija stikera je jednostavna na svim povr\u0161inama.<\/p>\n<p><a href=\"https:\/\/proarte.rs\/web\/wp-content\/uploads\/2015\/06\/main_site_stikeri.png\"><img loading=\"lazy\" decoding=\"async\" class=\"aligncenter wp-image-1440\" src=\"https:\/\/proarte.rs\/web\/wp-content\/uploads\/2015\/06\/main_site_stikeri-1024x344.png\" alt=\"main_site_stikeri\" width=\"600\" height=\"202\" srcset=\"https:\/\/proarte.rs\/web\/wp-content\/uploads\/2015\/06\/main_site_stikeri-1024x344.png 1024w, https:\/\/proarte.rs\/web\/wp-content\/uploads\/2015\/06\/main_site_stikeri-300x101.png 300w\" sizes=\"auto, (max-width: 600px) 100vw, 600px\" \/><\/a><\/p>\n<p style=\"text-align: center;\">\n","protected":false},"excerpt":{"rendered":"<p>3D stikeri su izra\u0111eni od najkvalitenije smole i \u0161tampani su u fotorezoluciji. Otporni su na atmosferske i mehani\u010dke uticaje. Mogu\u0107e je izraditi stiker u bilo kojem obliku i veli\u010dini. Aplikacija stikera je jednostavna na svim povr\u0161inama.<\/p>\n","protected":false},"author":1,"featured_media":0,"parent":0,"menu_order":0,"comment_status":"closed","ping_status":"open","template":"","meta":{"footnotes":""},"class_list":["post-969","page","type-page","status-publish","hentry"],"_links":{"self":[{"href":"https:\/\/proarte.rs\/web\/wp-json\/wp\/v2\/pages\/969","targetHints":{"allow":["GET"]}}],"collection":[{"href":"https:\/\/proarte.rs\/web\/wp-json\/wp\/v2\/pages"}],"about":[{"href":"https:\/\/proarte.rs\/web\/wp-json\/wp\/v2\/types\/page"}],"author":[{"embeddable":true,"href":"https:\/\/proarte.rs\/web\/wp-json\/wp\/v2\/users\/1"}],"replies":[{"embeddable":true,"href":"https:\/\/proarte.rs\/web\/wp-json\/wp\/v2\/comments?post=969"}],"version-history":[{"count":8,"href":"https:\/\/proarte.rs\/web\/wp-json\/wp\/v2\/pages\/969\/revisions"}],"predecessor-version":[{"id":1452,"href":"https:\/\/proarte.rs\/web\/wp-json\/wp\/v2\/pages\/969\/revisions\/1452"}],"wp:attachment":[{"href":"https:\/\/proarte.rs\/web\/wp-json\/wp\/v2\/media?parent=969"}],"curies":[{"name":"wp","href":"https:\/\/api.w.org\/{rel}","templated":true}]}}